{"id":239,"date":"2020-10-23T13:06:25","date_gmt":"2020-10-23T10:06:25","guid":{"rendered":"https:\/\/startertemplatecloud.com\/e02\/?post_type=product&#038;p=239"},"modified":"2024-04-12T10:44:51","modified_gmt":"2024-04-12T08:44:51","slug":"t-shirt-four","status":"publish","type":"product","link":"https:\/\/eco-moto.pl\/index.php\/product\/t-shirt-four\/","title":{"rendered":"TROMOX Mino 60V\/31Ah"},"content":{"rendered":"<p>Lekki i przeno\u015bny motocykl Tromox Mino 60V\/31Ah wykonany z najwy\u017cszej jako\u015bci stali w\u0119glowej z bezszwowym spawaniem i zaaplikowan\u0105 technologi\u0105 powlekania elektroforetycznego. Wszystkie informacje o motocyklu w aplikacji? Sprawd\u017a szczeg\u00f3\u0142owe informacje o stanie akumulatora i\u00a0 pozosta\u0142ych funkcjach swojego motocykla. Wszystkie informacje mo\u017cesz sprawdzi\u0107 r\u00f3wnie\u017c z poziomu ekranu LCD, zamontowanego na kierownicy. Na wyposa\u017ceniu motocykla jest r\u00f3wnie\u017c o\u015bwietlenie LED z przodu i sty\u0142u.<\/p>\n<p>Baterie o pojemno\u015bci 24 Ah na\u0142adujesz w 4 godziny pozwoli na zasi\u0119g nawet do 118 KM. Elastyczna, pogrubiona podk\u0142adka siedziska dopasowuje si\u0119 do kszta\u0142tu cia\u0142a oraz zmniejsza i wyr\u00f3wnuje nacisk podczas siedzenia. Kierowca mo\u017ce regulowa\u0107 zastosowane oba amortyzatory (hydrauliczny amortyzator przedni oraz niezale\u017cny amortyzator tylny).<\/p>\n","protected":false},"excerpt":{"rendered":"<p>Lekki i przeno\u015bny motocykl Tromox Mino 60V\/31Ah wykonany z najwy\u017cszej jako\u015bci stali w\u0119glowej z bezszwowym spawaniem i zaaplikowan\u0105 technologi\u0105 powlekania elektroforetycznego. Wszystkie informacje o motocyklu w aplikacji? Sprawd\u017a szczeg\u00f3\u0142owe informacje o stanie akumulatora i\u00a0 pozosta\u0142ych funkcjach swojego motocykla. Wszystkie informacje mo\u017cesz sprawdzi\u0107 r\u00f3wnie\u017c z poziomu ekranu LCD, zamontowanego na kierownicy. O\u015bwietlenie LED z przodu i sty\u0142u. Maksymalny zasi\u0119g do 118 km. Wi\u0119cej szczeg\u00f3\u0142\u00f3w w opisie.<\/p>\n","protected":false},"featured_media":1223,"comment_status":"open","ping_status":"closed","template":"","meta":{"_kadence_starter_templates_imported_post":true,"_kad_post_transparent":"default","_kad_post_title":"","_kad_post_layout":"default","_kad_post_sidebar_id":"","_kad_post_content_style":"default","_kad_post_vertical_padding":"default","_kad_post_feature":"","_kad_post_feature_position":"","_kad_post_header":false,"_kad_post_footer":false},"product_cat":[25],"product_tag":[],"class_list":{"0":"post-239","1":"product","2":"type-product","3":"status-publish","4":"has-post-thumbnail","6":"product_cat-tromox","8":"first","9":"outofstock","10":"featured","11":"shipping-taxable","12":"purchasable","13":"product-type-simple","14":"entry","15":"content-bg","16":"loop-entry"},"yoast_head":"<!-- This site is optimized with the Yoast SEO plugin v24.3 - https:\/\/yoast.com\/wordpress\/plugins\/seo\/ -->\n<title>TROMOX Mino 60V\/31Ah -<\/title>\n<meta name=\"robots\" content=\"index, follow, max-snippet:-1, max-image-preview:large, max-video-preview:-1\" \/>\n<link rel=\"canonical\" href=\"https:\/\/eco-moto.pl\/index.php\/product\/t-shirt-four\/\" \/>\n<meta property=\"og:locale\" content=\"pl_PL\" \/>\n<meta property=\"og:type\" content=\"article\" \/>\n<meta property=\"og:title\" content=\"TROMOX Mino 60V\/31Ah -\" \/>\n<meta property=\"og:description\" content=\"Lekki i przeno\u015bny motocykl Tromox Mino 60V\/31Ah wykonany z najwy\u017cszej jako\u015bci stali w\u0119glowej z bezszwowym spawaniem i zaaplikowan\u0105 technologi\u0105 powlekania elektroforetycznego. Wszystkie informacje o motocyklu w aplikacji? Sprawd\u017a szczeg\u00f3\u0142owe informacje o stanie akumulatora i\u00a0 pozosta\u0142ych funkcjach swojego motocykla. Wszystkie informacje mo\u017cesz sprawdzi\u0107 r\u00f3wnie\u017c z poziomu ekranu LCD, zamontowanego na kierownicy. O\u015bwietlenie LED z przodu i sty\u0142u. Maksymalny zasi\u0119g do 118 km. Wi\u0119cej szczeg\u00f3\u0142\u00f3w w opisie.\" \/>\n<meta property=\"og:url\" content=\"https:\/\/eco-moto.pl\/index.php\/product\/t-shirt-four\/\" \/>\n<meta property=\"article:modified_time\" content=\"2024-04-12T08:44:51+00:00\" \/>\n<meta property=\"og:image\" content=\"https:\/\/eco-moto.pl\/wp-content\/uploads\/2020\/10\/Projekt-bez-nazwy-30.png\" \/>\n\t<meta property=\"og:image:width\" content=\"600\" \/>\n\t<meta property=\"og:image:height\" content=\"800\" \/>\n\t<meta property=\"og:image:type\" content=\"image\/png\" \/>\n<meta name=\"twitter:card\" content=\"summary_large_image\" \/>\n<meta name=\"twitter:label1\" content=\"Szacowany czas czytania\" \/>\n\t<meta name=\"twitter:data1\" content=\"1 minuta\" \/>\n<script type=\"application\/ld+json\" class=\"yoast-schema-graph\">{\"@context\":\"https:\/\/schema.org\",\"@graph\":[{\"@type\":\"WebPage\",\"@id\":\"https:\/\/eco-moto.pl\/index.php\/product\/t-shirt-four\/\",\"url\":\"https:\/\/eco-moto.pl\/index.php\/product\/t-shirt-four\/\",\"name\":\"TROMOX Mino 60V\/31Ah -\",\"isPartOf\":{\"@id\":\"https:\/\/eco-moto.pl\/#website\"},\"primaryImageOfPage\":{\"@id\":\"https:\/\/eco-moto.pl\/index.php\/product\/t-shirt-four\/#primaryimage\"},\"image\":{\"@id\":\"https:\/\/eco-moto.pl\/index.php\/product\/t-shirt-four\/#primaryimage\"},\"thumbnailUrl\":\"https:\/\/eco-moto.pl\/wp-content\/uploads\/2020\/10\/Projekt-bez-nazwy-30.png\",\"datePublished\":\"2020-10-23T10:06:25+00:00\",\"dateModified\":\"2024-04-12T08:44:51+00:00\",\"breadcrumb\":{\"@id\":\"https:\/\/eco-moto.pl\/index.php\/product\/t-shirt-four\/#breadcrumb\"},\"inLanguage\":\"pl-PL\",\"potentialAction\":[{\"@type\":\"ReadAction\",\"target\":[\"https:\/\/eco-moto.pl\/index.php\/product\/t-shirt-four\/\"]}]},{\"@type\":\"ImageObject\",\"inLanguage\":\"pl-PL\",\"@id\":\"https:\/\/eco-moto.pl\/index.php\/product\/t-shirt-four\/#primaryimage\",\"url\":\"https:\/\/eco-moto.pl\/wp-content\/uploads\/2020\/10\/Projekt-bez-nazwy-30.png\",\"contentUrl\":\"https:\/\/eco-moto.pl\/wp-content\/uploads\/2020\/10\/Projekt-bez-nazwy-30.png\",\"width\":600,\"height\":800},{\"@type\":\"BreadcrumbList\",\"@id\":\"https:\/\/eco-moto.pl\/index.php\/product\/t-shirt-four\/#breadcrumb\",\"itemListElement\":[{\"@type\":\"ListItem\",\"position\":1,\"name\":\"Strona g\u0142\u00f3wna\",\"item\":\"https:\/\/eco-moto.pl\/\"},{\"@type\":\"ListItem\",\"position\":2,\"name\":\"Sklep\",\"item\":\"https:\/\/eco-moto.pl\/index.php\/sklep\/\"},{\"@type\":\"ListItem\",\"position\":3,\"name\":\"TROMOX Mino 60V\/31Ah\"}]},{\"@type\":\"WebSite\",\"@id\":\"https:\/\/eco-moto.pl\/#website\",\"url\":\"https:\/\/eco-moto.pl\/\",\"name\":\"Eco Moto Jedno\u015blady elektryczne\",\"description\":\"Eco Moto Jedno\u015blady elektryczne\",\"publisher\":{\"@id\":\"https:\/\/eco-moto.pl\/#organization\"},\"potentialAction\":[{\"@type\":\"SearchAction\",\"target\":{\"@type\":\"EntryPoint\",\"urlTemplate\":\"https:\/\/eco-moto.pl\/?s={search_term_string}\"},\"query-input\":{\"@type\":\"PropertyValueSpecification\",\"valueRequired\":true,\"valueName\":\"search_term_string\"}}],\"inLanguage\":\"pl-PL\"},{\"@type\":\"Organization\",\"@id\":\"https:\/\/eco-moto.pl\/#organization\",\"name\":\"eco-moto.pl\",\"url\":\"https:\/\/eco-moto.pl\/\",\"logo\":{\"@type\":\"ImageObject\",\"inLanguage\":\"pl-PL\",\"@id\":\"https:\/\/eco-moto.pl\/#\/schema\/logo\/image\/\",\"url\":\"https:\/\/eco-moto.pl\/wp-content\/uploads\/2024\/03\/cropped-ecomoto2.png\",\"contentUrl\":\"https:\/\/eco-moto.pl\/wp-content\/uploads\/2024\/03\/cropped-ecomoto2.png\",\"width\":1920,\"height\":769,\"caption\":\"eco-moto.pl\"},\"image\":{\"@id\":\"https:\/\/eco-moto.pl\/#\/schema\/logo\/image\/\"}}]}<\/script>\n<!-- \/ Yoast SEO plugin. -->","yoast_head_json":{"title":"TROMOX Mino 60V\/31Ah -","robots":{"index":"index","follow":"follow","max-snippet":"max-snippet:-1","max-image-preview":"max-image-preview:large","max-video-preview":"max-video-preview:-1"},"canonical":"https:\/\/eco-moto.pl\/index.php\/product\/t-shirt-four\/","og_locale":"pl_PL","og_type":"article","og_title":"TROMOX Mino 60V\/31Ah -","og_description":"Lekki i przeno\u015bny motocykl Tromox Mino 60V\/31Ah wykonany z najwy\u017cszej jako\u015bci stali w\u0119glowej z bezszwowym spawaniem i zaaplikowan\u0105 technologi\u0105 powlekania elektroforetycznego. Wszystkie informacje o motocyklu w aplikacji? Sprawd\u017a szczeg\u00f3\u0142owe informacje o stanie akumulatora i\u00a0 pozosta\u0142ych funkcjach swojego motocykla. Wszystkie informacje mo\u017cesz sprawdzi\u0107 r\u00f3wnie\u017c z poziomu ekranu LCD, zamontowanego na kierownicy. O\u015bwietlenie LED z przodu i sty\u0142u. Maksymalny zasi\u0119g do 118 km. Wi\u0119cej szczeg\u00f3\u0142\u00f3w w opisie.","og_url":"https:\/\/eco-moto.pl\/index.php\/product\/t-shirt-four\/","article_modified_time":"2024-04-12T08:44:51+00:00","og_image":[{"width":600,"height":800,"url":"https:\/\/eco-moto.pl\/wp-content\/uploads\/2020\/10\/Projekt-bez-nazwy-30.png","type":"image\/png"}],"twitter_card":"summary_large_image","twitter_misc":{"Szacowany czas czytania":"1 minuta"},"schema":{"@context":"https:\/\/schema.org","@graph":[{"@type":"WebPage","@id":"https:\/\/eco-moto.pl\/index.php\/product\/t-shirt-four\/","url":"https:\/\/eco-moto.pl\/index.php\/product\/t-shirt-four\/","name":"TROMOX Mino 60V\/31Ah -","isPartOf":{"@id":"https:\/\/eco-moto.pl\/#website"},"primaryImageOfPage":{"@id":"https:\/\/eco-moto.pl\/index.php\/product\/t-shirt-four\/#primaryimage"},"image":{"@id":"https:\/\/eco-moto.pl\/index.php\/product\/t-shirt-four\/#primaryimage"},"thumbnailUrl":"https:\/\/eco-moto.pl\/wp-content\/uploads\/2020\/10\/Projekt-bez-nazwy-30.png","datePublished":"2020-10-23T10:06:25+00:00","dateModified":"2024-04-12T08:44:51+00:00","breadcrumb":{"@id":"https:\/\/eco-moto.pl\/index.php\/product\/t-shirt-four\/#breadcrumb"},"inLanguage":"pl-PL","potentialAction":[{"@type":"ReadAction","target":["https:\/\/eco-moto.pl\/index.php\/product\/t-shirt-four\/"]}]},{"@type":"ImageObject","inLanguage":"pl-PL","@id":"https:\/\/eco-moto.pl\/index.php\/product\/t-shirt-four\/#primaryimage","url":"https:\/\/eco-moto.pl\/wp-content\/uploads\/2020\/10\/Projekt-bez-nazwy-30.png","contentUrl":"https:\/\/eco-moto.pl\/wp-content\/uploads\/2020\/10\/Projekt-bez-nazwy-30.png","width":600,"height":800},{"@type":"BreadcrumbList","@id":"https:\/\/eco-moto.pl\/index.php\/product\/t-shirt-four\/#breadcrumb","itemListElement":[{"@type":"ListItem","position":1,"name":"Strona g\u0142\u00f3wna","item":"https:\/\/eco-moto.pl\/"},{"@type":"ListItem","position":2,"name":"Sklep","item":"https:\/\/eco-moto.pl\/index.php\/sklep\/"},{"@type":"ListItem","position":3,"name":"TROMOX Mino 60V\/31Ah"}]},{"@type":"WebSite","@id":"https:\/\/eco-moto.pl\/#website","url":"https:\/\/eco-moto.pl\/","name":"Eco Moto Jedno\u015blady elektryczne","description":"Eco Moto Jedno\u015blady elektryczne","publisher":{"@id":"https:\/\/eco-moto.pl\/#organization"},"potentialAction":[{"@type":"SearchAction","target":{"@type":"EntryPoint","urlTemplate":"https:\/\/eco-moto.pl\/?s={search_term_string}"},"query-input":{"@type":"PropertyValueSpecification","valueRequired":true,"valueName":"search_term_string"}}],"inLanguage":"pl-PL"},{"@type":"Organization","@id":"https:\/\/eco-moto.pl\/#organization","name":"eco-moto.pl","url":"https:\/\/eco-moto.pl\/","logo":{"@type":"ImageObject","inLanguage":"pl-PL","@id":"https:\/\/eco-moto.pl\/#\/schema\/logo\/image\/","url":"https:\/\/eco-moto.pl\/wp-content\/uploads\/2024\/03\/cropped-ecomoto2.png","contentUrl":"https:\/\/eco-moto.pl\/wp-content\/uploads\/2024\/03\/cropped-ecomoto2.png","width":1920,"height":769,"caption":"eco-moto.pl"},"image":{"@id":"https:\/\/eco-moto.pl\/#\/schema\/logo\/image\/"}}]}},"_links":{"self":[{"href":"https:\/\/eco-moto.pl\/index.php\/wp-json\/wp\/v2\/product\/239","targetHints":{"allow":["GET"]}}],"collection":[{"href":"https:\/\/eco-moto.pl\/index.php\/wp-json\/wp\/v2\/product"}],"about":[{"href":"https:\/\/eco-moto.pl\/index.php\/wp-json\/wp\/v2\/types\/product"}],"replies":[{"embeddable":true,"href":"https:\/\/eco-moto.pl\/index.php\/wp-json\/wp\/v2\/comments?post=239"}],"wp:featuredmedia":[{"embeddable":true,"href":"https:\/\/eco-moto.pl\/index.php\/wp-json\/wp\/v2\/media\/1223"}],"wp:attachment":[{"href":"https:\/\/eco-moto.pl\/index.php\/wp-json\/wp\/v2\/media?parent=239"}],"wp:term":[{"taxonomy":"product_cat","embeddable":true,"href":"https:\/\/eco-moto.pl\/index.php\/wp-json\/wp\/v2\/product_cat?post=239"},{"taxonomy":"product_tag","embeddable":true,"href":"https:\/\/eco-moto.pl\/index.php\/wp-json\/wp\/v2\/product_tag?post=239"}],"curies":[{"name":"wp","href":"https:\/\/api.w.org\/{rel}","templated":true}]}}