{"id":1340,"date":"2024-04-04T10:52:35","date_gmt":"2024-04-04T08:52:35","guid":{"rendered":"https:\/\/eco-moto.pl\/?post_type=product&#038;p=1340"},"modified":"2024-04-12T11:33:25","modified_gmt":"2024-04-12T09:33:25","slug":"tromox-ukko-s","status":"publish","type":"product","link":"https:\/\/eco-moto.pl\/index.php\/product\/tromox-ukko-s\/","title":{"rendered":"TROMOX UKKO S"},"content":{"rendered":"<p>TROMOX UKKO S, napakowany najnowocze\u015bniejsz\u0105 technologi\u0105, o wi\u0119kszych wymiarach i z mocniejszym ni\u017c poprzedni model. Model UKKO S rozp\u0119dza si\u0119 do 100 km\/h w 4,2 sekundy. Motocykl elektryczny oparty zosta\u0142 na lekkiej ramie ze stopu aluminium, kt\u00f3ry rewolucjonizuje rynek motocykli elektrycznych. Bateria litowo jonowa o pojemno\u015bci 55 Ah \u0142adowana w 4 godziny pozwala na zasi\u0119g do 160 km na jednym \u0142adowaniu.<\/p>\n<p>Wodoodporne reflektory LED, kt\u00f3re przy ni\u017cszym zu\u017cyciu energii reflektor zapewnia mocniejszy efekt \u015bwietlny i szerszy obszar o\u015bwietlenia. Dedykowana aplikacja pozwala sprawdzi\u0107 wszystkie informacje na temat jazdy i pojazdu. Wszystkie te informacje sprawdzisz r\u00f3wnie\u017c na 5,5 calowym wy\u015bwietlaczu LED. Akumulator mo\u017cesz wyci\u0105gn\u0105\u0107 i na\u0142adowa\u0107 w dowolnym miejscu w oko\u0142o 4 godziny.<\/p>\n","protected":false},"excerpt":{"rendered":"<p>TROMOX UKKO S, napakowany najnowocze\u015bniejsz\u0105 technologi\u0105, o wi\u0119kszych wymiarach i z mocniejszym ni\u017c poprzedni model. Model UKKO S rozp\u0119dza si\u0119 do 100 km\/h w 4,2 sekundy. Motocykl elektryczny oparty zosta\u0142 na lekkiej ramie ze stopu aluminium, kt\u00f3ry rewolucjonizuje rynek motocykli elektrycznych. Bateria o pojemno\u015bci 55 Ah \u0142adowana w 4 godziny pozwala na zasi\u0119g do 160 km. Wi\u0119cej szczeg\u00f3\u0142\u00f3w w opisie.<\/p>\n","protected":false},"featured_media":1341,"comment_status":"open","ping_status":"closed","template":"","meta":{"_kadence_starter_templates_imported_post":false,"_kad_post_transparent":"default","_kad_post_title":"","_kad_post_layout":"default","_kad_post_sidebar_id":"","_kad_post_content_style":"default","_kad_post_vertical_padding":"default","_kad_post_feature":"","_kad_post_feature_position":"","_kad_post_header":false,"_kad_post_footer":false},"product_cat":[25],"product_tag":[],"class_list":{"0":"post-1340","1":"product","2":"type-product","3":"status-publish","4":"has-post-thumbnail","6":"product_cat-tromox","8":"first","9":"outofstock","10":"featured","11":"shipping-taxable","12":"purchasable","13":"product-type-simple","14":"entry","15":"content-bg","16":"loop-entry"},"yoast_head":"<!-- This site is optimized with the Yoast SEO plugin v24.3 - https:\/\/yoast.com\/wordpress\/plugins\/seo\/ -->\n<title>TROMOX UKKO S -<\/title>\n<meta name=\"robots\" content=\"index, follow, max-snippet:-1, max-image-preview:large, max-video-preview:-1\" \/>\n<link rel=\"canonical\" href=\"https:\/\/eco-moto.pl\/index.php\/product\/tromox-ukko-s\/\" \/>\n<meta property=\"og:locale\" content=\"pl_PL\" \/>\n<meta property=\"og:type\" content=\"article\" \/>\n<meta property=\"og:title\" content=\"TROMOX UKKO S -\" \/>\n<meta property=\"og:description\" content=\"TROMOX UKKO S, napakowany najnowocze\u015bniejsz\u0105 technologi\u0105, o wi\u0119kszych wymiarach i z mocniejszym ni\u017c poprzedni model. Model UKKO S rozp\u0119dza si\u0119 do 100 km\/h w 4,2 sekundy. Motocykl elektryczny oparty zosta\u0142 na lekkiej ramie ze stopu aluminium, kt\u00f3ry rewolucjonizuje rynek motocykli elektrycznych. Bateria o pojemno\u015bci 55 Ah \u0142adowana w 4 godziny pozwala na zasi\u0119g do 160 km. Wi\u0119cej szczeg\u00f3\u0142\u00f3w w opisie.\" \/>\n<meta property=\"og:url\" content=\"https:\/\/eco-moto.pl\/index.php\/product\/tromox-ukko-s\/\" \/>\n<meta property=\"article:modified_time\" content=\"2024-04-12T09:33:25+00:00\" \/>\n<meta property=\"og:image\" content=\"https:\/\/eco-moto.pl\/wp-content\/uploads\/2024\/04\/Projekt-bez-nazwy-63.png\" \/>\n\t<meta property=\"og:image:width\" content=\"600\" \/>\n\t<meta property=\"og:image:height\" content=\"800\" \/>\n\t<meta property=\"og:image:type\" content=\"image\/png\" \/>\n<meta name=\"twitter:card\" content=\"summary_large_image\" \/>\n<meta name=\"twitter:label1\" content=\"Szacowany czas czytania\" \/>\n\t<meta name=\"twitter:data1\" content=\"1 minuta\" \/>\n<script type=\"application\/ld+json\" class=\"yoast-schema-graph\">{\"@context\":\"https:\/\/schema.org\",\"@graph\":[{\"@type\":\"WebPage\",\"@id\":\"https:\/\/eco-moto.pl\/index.php\/product\/tromox-ukko-s\/\",\"url\":\"https:\/\/eco-moto.pl\/index.php\/product\/tromox-ukko-s\/\",\"name\":\"TROMOX UKKO S -\",\"isPartOf\":{\"@id\":\"https:\/\/eco-moto.pl\/#website\"},\"primaryImageOfPage\":{\"@id\":\"https:\/\/eco-moto.pl\/index.php\/product\/tromox-ukko-s\/#primaryimage\"},\"image\":{\"@id\":\"https:\/\/eco-moto.pl\/index.php\/product\/tromox-ukko-s\/#primaryimage\"},\"thumbnailUrl\":\"https:\/\/eco-moto.pl\/wp-content\/uploads\/2024\/04\/Projekt-bez-nazwy-63.png\",\"datePublished\":\"2024-04-04T08:52:35+00:00\",\"dateModified\":\"2024-04-12T09:33:25+00:00\",\"breadcrumb\":{\"@id\":\"https:\/\/eco-moto.pl\/index.php\/product\/tromox-ukko-s\/#breadcrumb\"},\"inLanguage\":\"pl-PL\",\"potentialAction\":[{\"@type\":\"ReadAction\",\"target\":[\"https:\/\/eco-moto.pl\/index.php\/product\/tromox-ukko-s\/\"]}]},{\"@type\":\"ImageObject\",\"inLanguage\":\"pl-PL\",\"@id\":\"https:\/\/eco-moto.pl\/index.php\/product\/tromox-ukko-s\/#primaryimage\",\"url\":\"https:\/\/eco-moto.pl\/wp-content\/uploads\/2024\/04\/Projekt-bez-nazwy-63.png\",\"contentUrl\":\"https:\/\/eco-moto.pl\/wp-content\/uploads\/2024\/04\/Projekt-bez-nazwy-63.png\",\"width\":600,\"height\":800},{\"@type\":\"BreadcrumbList\",\"@id\":\"https:\/\/eco-moto.pl\/index.php\/product\/tromox-ukko-s\/#breadcrumb\",\"itemListElement\":[{\"@type\":\"ListItem\",\"position\":1,\"name\":\"Strona g\u0142\u00f3wna\",\"item\":\"https:\/\/eco-moto.pl\/\"},{\"@type\":\"ListItem\",\"position\":2,\"name\":\"Sklep\",\"item\":\"https:\/\/eco-moto.pl\/index.php\/sklep\/\"},{\"@type\":\"ListItem\",\"position\":3,\"name\":\"TROMOX UKKO S\"}]},{\"@type\":\"WebSite\",\"@id\":\"https:\/\/eco-moto.pl\/#website\",\"url\":\"https:\/\/eco-moto.pl\/\",\"name\":\"Eco Moto Jedno\u015blady elektryczne\",\"description\":\"Eco Moto Jedno\u015blady elektryczne\",\"publisher\":{\"@id\":\"https:\/\/eco-moto.pl\/#organization\"},\"potentialAction\":[{\"@type\":\"SearchAction\",\"target\":{\"@type\":\"EntryPoint\",\"urlTemplate\":\"https:\/\/eco-moto.pl\/?s={search_term_string}\"},\"query-input\":{\"@type\":\"PropertyValueSpecification\",\"valueRequired\":true,\"valueName\":\"search_term_string\"}}],\"inLanguage\":\"pl-PL\"},{\"@type\":\"Organization\",\"@id\":\"https:\/\/eco-moto.pl\/#organization\",\"name\":\"eco-moto.pl\",\"url\":\"https:\/\/eco-moto.pl\/\",\"logo\":{\"@type\":\"ImageObject\",\"inLanguage\":\"pl-PL\",\"@id\":\"https:\/\/eco-moto.pl\/#\/schema\/logo\/image\/\",\"url\":\"https:\/\/eco-moto.pl\/wp-content\/uploads\/2024\/03\/cropped-ecomoto2.png\",\"contentUrl\":\"https:\/\/eco-moto.pl\/wp-content\/uploads\/2024\/03\/cropped-ecomoto2.png\",\"width\":1920,\"height\":769,\"caption\":\"eco-moto.pl\"},\"image\":{\"@id\":\"https:\/\/eco-moto.pl\/#\/schema\/logo\/image\/\"}}]}<\/script>\n<!-- \/ Yoast SEO plugin. -->","yoast_head_json":{"title":"TROMOX UKKO S -","robots":{"index":"index","follow":"follow","max-snippet":"max-snippet:-1","max-image-preview":"max-image-preview:large","max-video-preview":"max-video-preview:-1"},"canonical":"https:\/\/eco-moto.pl\/index.php\/product\/tromox-ukko-s\/","og_locale":"pl_PL","og_type":"article","og_title":"TROMOX UKKO S -","og_description":"TROMOX UKKO S, napakowany najnowocze\u015bniejsz\u0105 technologi\u0105, o wi\u0119kszych wymiarach i z mocniejszym ni\u017c poprzedni model. Model UKKO S rozp\u0119dza si\u0119 do 100 km\/h w 4,2 sekundy. Motocykl elektryczny oparty zosta\u0142 na lekkiej ramie ze stopu aluminium, kt\u00f3ry rewolucjonizuje rynek motocykli elektrycznych. Bateria o pojemno\u015bci 55 Ah \u0142adowana w 4 godziny pozwala na zasi\u0119g do 160 km. Wi\u0119cej szczeg\u00f3\u0142\u00f3w w opisie.","og_url":"https:\/\/eco-moto.pl\/index.php\/product\/tromox-ukko-s\/","article_modified_time":"2024-04-12T09:33:25+00:00","og_image":[{"width":600,"height":800,"url":"https:\/\/eco-moto.pl\/wp-content\/uploads\/2024\/04\/Projekt-bez-nazwy-63.png","type":"image\/png"}],"twitter_card":"summary_large_image","twitter_misc":{"Szacowany czas czytania":"1 minuta"},"schema":{"@context":"https:\/\/schema.org","@graph":[{"@type":"WebPage","@id":"https:\/\/eco-moto.pl\/index.php\/product\/tromox-ukko-s\/","url":"https:\/\/eco-moto.pl\/index.php\/product\/tromox-ukko-s\/","name":"TROMOX UKKO S -","isPartOf":{"@id":"https:\/\/eco-moto.pl\/#website"},"primaryImageOfPage":{"@id":"https:\/\/eco-moto.pl\/index.php\/product\/tromox-ukko-s\/#primaryimage"},"image":{"@id":"https:\/\/eco-moto.pl\/index.php\/product\/tromox-ukko-s\/#primaryimage"},"thumbnailUrl":"https:\/\/eco-moto.pl\/wp-content\/uploads\/2024\/04\/Projekt-bez-nazwy-63.png","datePublished":"2024-04-04T08:52:35+00:00","dateModified":"2024-04-12T09:33:25+00:00","breadcrumb":{"@id":"https:\/\/eco-moto.pl\/index.php\/product\/tromox-ukko-s\/#breadcrumb"},"inLanguage":"pl-PL","potentialAction":[{"@type":"ReadAction","target":["https:\/\/eco-moto.pl\/index.php\/product\/tromox-ukko-s\/"]}]},{"@type":"ImageObject","inLanguage":"pl-PL","@id":"https:\/\/eco-moto.pl\/index.php\/product\/tromox-ukko-s\/#primaryimage","url":"https:\/\/eco-moto.pl\/wp-content\/uploads\/2024\/04\/Projekt-bez-nazwy-63.png","contentUrl":"https:\/\/eco-moto.pl\/wp-content\/uploads\/2024\/04\/Projekt-bez-nazwy-63.png","width":600,"height":800},{"@type":"BreadcrumbList","@id":"https:\/\/eco-moto.pl\/index.php\/product\/tromox-ukko-s\/#breadcrumb","itemListElement":[{"@type":"ListItem","position":1,"name":"Strona g\u0142\u00f3wna","item":"https:\/\/eco-moto.pl\/"},{"@type":"ListItem","position":2,"name":"Sklep","item":"https:\/\/eco-moto.pl\/index.php\/sklep\/"},{"@type":"ListItem","position":3,"name":"TROMOX UKKO S"}]},{"@type":"WebSite","@id":"https:\/\/eco-moto.pl\/#website","url":"https:\/\/eco-moto.pl\/","name":"Eco Moto Jedno\u015blady elektryczne","description":"Eco Moto Jedno\u015blady elektryczne","publisher":{"@id":"https:\/\/eco-moto.pl\/#organization"},"potentialAction":[{"@type":"SearchAction","target":{"@type":"EntryPoint","urlTemplate":"https:\/\/eco-moto.pl\/?s={search_term_string}"},"query-input":{"@type":"PropertyValueSpecification","valueRequired":true,"valueName":"search_term_string"}}],"inLanguage":"pl-PL"},{"@type":"Organization","@id":"https:\/\/eco-moto.pl\/#organization","name":"eco-moto.pl","url":"https:\/\/eco-moto.pl\/","logo":{"@type":"ImageObject","inLanguage":"pl-PL","@id":"https:\/\/eco-moto.pl\/#\/schema\/logo\/image\/","url":"https:\/\/eco-moto.pl\/wp-content\/uploads\/2024\/03\/cropped-ecomoto2.png","contentUrl":"https:\/\/eco-moto.pl\/wp-content\/uploads\/2024\/03\/cropped-ecomoto2.png","width":1920,"height":769,"caption":"eco-moto.pl"},"image":{"@id":"https:\/\/eco-moto.pl\/#\/schema\/logo\/image\/"}}]}},"_links":{"self":[{"href":"https:\/\/eco-moto.pl\/index.php\/wp-json\/wp\/v2\/product\/1340","targetHints":{"allow":["GET"]}}],"collection":[{"href":"https:\/\/eco-moto.pl\/index.php\/wp-json\/wp\/v2\/product"}],"about":[{"href":"https:\/\/eco-moto.pl\/index.php\/wp-json\/wp\/v2\/types\/product"}],"replies":[{"embeddable":true,"href":"https:\/\/eco-moto.pl\/index.php\/wp-json\/wp\/v2\/comments?post=1340"}],"wp:featuredmedia":[{"embeddable":true,"href":"https:\/\/eco-moto.pl\/index.php\/wp-json\/wp\/v2\/media\/1341"}],"wp:attachment":[{"href":"https:\/\/eco-moto.pl\/index.php\/wp-json\/wp\/v2\/media?parent=1340"}],"wp:term":[{"taxonomy":"product_cat","embeddable":true,"href":"https:\/\/eco-moto.pl\/index.php\/wp-json\/wp\/v2\/product_cat?post=1340"},{"taxonomy":"product_tag","embeddable":true,"href":"https:\/\/eco-moto.pl\/index.php\/wp-json\/wp\/v2\/product_tag?post=1340"}],"curies":[{"name":"wp","href":"https:\/\/api.w.org\/{rel}","templated":true}]}}