{"id":1720,"date":"2025-01-23T11:02:59","date_gmt":"2025-01-23T10:02:59","guid":{"rendered":"https:\/\/eco-moto.pl\/?page_id=1720"},"modified":"2025-01-23T11:10:02","modified_gmt":"2025-01-23T10:10:02","slug":"regulamin","status":"publish","type":"page","link":"https:\/\/eco-moto.pl\/index.php\/regulamin\/","title":{"rendered":"Regulamin"},"content":{"rendered":"\t\t<div data-elementor-type=\"wp-page\" data-elementor-id=\"1720\" class=\"elementor elementor-1720\">\n\t\t\t\t\t\t<section class=\"elementor-section elementor-top-section elementor-element elementor-element-447bb11 elementor-section-height-min-height elementor-section-items-bottom elementor-section-boxed elementor-section-height-default\" data-id=\"447bb11\" data-element_type=\"section\" data-settings=\"{&quot;background_background&quot;:&quot;classic&quot;}\">\n\t\t\t\t\t\t\t<div class=\"elementor-background-overlay\"><\/div>\n\t\t\t\t\t\t\t<div class=\"elementor-container elementor-column-gap-default\">\n\t\t\t\t\t<div class=\"elementor-column elementor-col-50 elementor-top-column elementor-element elementor-element-01b2a2e\" data-id=\"01b2a2e\" data-element_type=\"column\">\n\t\t\t<div class=\"elementor-widget-wrap elementor-element-populated\">\n\t\t\t\t\t\t<div class=\"elementor-element elementor-element-5cf34b4 elementor-widget elementor-widget-heading\" data-id=\"5cf34b4\" data-element_type=\"widget\" data-widget_type=\"heading.default\">\n\t\t\t\t<div class=\"elementor-widget-container\">\n\t\t\t<style>\/*! elementor - v3.20.0 - 26-03-2024 *\/\n.elementor-heading-title{padding:0;margin:0;line-height:1}.elementor-widget-heading .elementor-heading-title[class*=elementor-size-]>a{color:inherit;font-size:inherit;line-height:inherit}.elementor-widget-heading .elementor-heading-title.elementor-size-small{font-size:15px}.elementor-widget-heading .elementor-heading-title.elementor-size-medium{font-size:19px}.elementor-widget-heading .elementor-heading-title.elementor-size-large{font-size:29px}.elementor-widget-heading .elementor-heading-title.elementor-size-xl{font-size:39px}.elementor-widget-heading .elementor-heading-title.elementor-size-xxl{font-size:59px}<\/style><h2 class=\"elementor-heading-title elementor-size-default\">Regulamin<\/h2>\t\t<\/div>\n\t\t\t\t<\/div>\n\t\t\t\t\t<\/div>\n\t\t<\/div>\n\t\t\t\t<div class=\"elementor-column elementor-col-50 elementor-top-column elementor-element elementor-element-9861eb0\" data-id=\"9861eb0\" data-element_type=\"column\">\n\t\t\t<div class=\"elementor-widget-wrap elementor-element-populated\">\n\t\t\t\t\t\t\t<\/div>\n\t\t<\/div>\n\t\t\t\t\t<\/div>\n\t\t<\/section>\n\t\t<div class=\"elementor-element elementor-element-784cd70 e-flex e-con-boxed e-con e-parent\" data-id=\"784cd70\" data-element_type=\"container\" data-core-v316-plus=\"true\">\n\t\t\t\t\t<div class=\"e-con-inner\">\n\t\t\t\t<div class=\"elementor-element elementor-element-69d9745 elementor-widget elementor-widget-text-editor\" data-id=\"69d9745\" data-element_type=\"widget\" data-widget_type=\"text-editor.default\">\n\t\t\t\t<div class=\"elementor-widget-container\">\n\t\t\t<style>\/*! elementor - v3.20.0 - 26-03-2024 *\/\n.elementor-widget-text-editor.elementor-drop-cap-view-stacked .elementor-drop-cap{background-color:#69727d;color:#fff}.elementor-widget-text-editor.elementor-drop-cap-view-framed .elementor-drop-cap{color:#69727d;border:3px solid;background-color:transparent}.elementor-widget-text-editor:not(.elementor-drop-cap-view-default) .elementor-drop-cap{margin-top:8px}.elementor-widget-text-editor:not(.elementor-drop-cap-view-default) .elementor-drop-cap-letter{width:1em;height:1em}.elementor-widget-text-editor .elementor-drop-cap{float:left;text-align:center;line-height:1;font-size:50px}.elementor-widget-text-editor .elementor-drop-cap-letter{display:inline-block}<\/style>\t\t\t\t<p><strong>Regulamin Sklepu Internetowego \u2013 eco-moto.pl<\/strong><\/p><p><strong>\u00a7 1 Postanowienia Og\u00f3lne<\/strong><\/p><ol><li>Regulamin okre\u015bla zasady korzystania ze sklepu internetowego Eco-moto, dost\u0119pnego pod adresem: www.eco-moto.pl<\/li><li>Sklep internetowy jest prowadzony przez PM Group sp. z o.o. , z siedzib\u0105 w Olsztynie, ul. Lubelska 36 10-408. , NIP: 7393976663.<\/li><li>Kontakt ze sklepem mo\u017cliwy jest pod adresem e-mail: biuro@eco-moto.pl, numerem telefonu: 602 152 800 lub za po\u015brednictwem formularza kontaktowego na stronie sklepu.<\/li><li>Regulamin jest integraln\u0105 cz\u0119\u015bci\u0105 umowy sprzeda\u017cy zawieranej z Klientem.<\/li><li>Klient jest zobowi\u0105zany do zapoznania si\u0119 z tre\u015bci\u0105 Regulaminu przed dokonaniem zakupu.<\/li><\/ol><hr \/><p><strong>\u00a7 2 Definicje<\/strong><\/p><ol><li><strong>Sklep<\/strong> \u2013 sklep internetowy prowadzony przez Sprzedawc\u0119, dost\u0119pny pod adresem: www.eco-moto.pl<\/li><li><strong>Sprzedawca<\/strong> \u2013 \u00a0PM Group sp. z o.o.\u00a0<\/li><li><strong>Klient<\/strong> \u2013 osoba fizyczna, osoba prawna lub jednostka organizacyjna dokonuj\u0105ca zakupu w Sklepie.<\/li><li><strong>Towar<\/strong> \u2013 jedno\u015blady elektryczne oraz akcesoria oferowane w Sklepie.<\/li><li><strong>Konsument<\/strong> \u2013 Klient b\u0119d\u0105cy osob\u0105 fizyczn\u0105, dokonuj\u0105cy zakupu w celu niezwi\u0105zanym bezpo\u015brednio z dzia\u0142alno\u015bci\u0105 gospodarcz\u0105 lub zawodow\u0105.<\/li><\/ol><hr \/><p><strong>\u00a7 3 Zasady Sk\u0142adania Zam\u00f3wie\u0144<\/strong><\/p><ol><li>Zam\u00f3wienia w Sklepie mo\u017cna sk\u0142ada\u0107 24\/7 za po\u015brednictwem strony internetowej.<\/li><li>Aby z\u0142o\u017cy\u0107 zam\u00f3wienie, Klient zobowi\u0105zany jest do:<br \/>a) Wyboru produktu oraz jego specyfikacji (np. model, kolor),<br \/>b) Wype\u0142nienia formularza zam\u00f3wienia, podaj\u0105c dane kontaktowe i adres dostawy,<br \/>d) Potwierdzenia zam\u00f3wienia oraz dokonania p\u0142atno\u015bci.<\/li><li>Z\u0142o\u017cenie zam\u00f3wienia jest r\u00f3wnoznaczne z akceptacj\u0105 Regulaminu.<\/li><li>Sprzedawca zastrzega sobie prawo do odmowy realizacji zam\u00f3wienia w przypadku:<br \/>a) B\u0142\u0119dnie wype\u0142nionego formularza zam\u00f3wienia,<br \/>b) Braku dost\u0119pno\u015bci zam\u00f3wionego towaru.<\/li><\/ol><hr \/><p><strong>\u00a7 4 P\u0142atno\u015bci i Ceny<\/strong><\/p><ol><li>Wszystkie ceny produkt\u00f3w w Sklepie podane s\u0105 w z\u0142otych polskich (PLN) i zawieraj\u0105 podatek VAT.<\/li><li>Klient mo\u017ce dokona\u0107 p\u0142atno\u015bci za zam\u00f3wienie w nast\u0119puj\u0105cy spos\u00f3b:<br \/>a) Przelewem bankowym,<br \/>b) P\u0142atno\u015bci\u0105 online (np. Przelewy24, PayU),<br \/>c) P\u0142atno\u015bci\u0105 przy odbiorze.<\/li><li>Cena podana przy produkcie w momencie sk\u0142adania zam\u00f3wienia jest wi\u0105\u017c\u0105ca.<\/li><\/ol><hr \/><p><strong>\u00a7 5 Dostawa<\/strong><\/p><ol><li>Zam\u00f3wione produkty s\u0105 dostarczane na terenie Polski za po\u015brednictwem firm kurierskich.<\/li><li>Koszt dostawy jest wskazany podczas sk\u0142adania zam\u00f3wienia i zale\u017cy od wybranej metody dostawy oraz wagi produkt\u00f3w.<\/li><li>Termin dostawy wynosi od 3 do 7 dni roboczych od zaksi\u0119gowania p\u0142atno\u015bci, chyba \u017ce w opisie produktu wskazano inny termin.<\/li><li>Klient zobowi\u0105zany jest do sprawdzenia stanu przesy\u0142ki w obecno\u015bci kuriera. W przypadku uszkodzenia towaru nale\u017cy sporz\u0105dzi\u0107 protok\u00f3\u0142 szkody.<\/li><\/ol><hr \/><p><strong>\u00a7 6 Odst\u0105pienie od Umowy i Zwroty<\/strong><\/p><ol><li>Konsument ma prawo odst\u0105pi\u0107 od umowy sprzeda\u017cy w ci\u0105gu 14 dni od daty otrzymania towaru, bez podania przyczyny.<\/li><li>Aby skorzysta\u0107 z prawa odst\u0105pienia, Konsument zobowi\u0105zany jest przes\u0142a\u0107 o\u015bwiadczenie o odst\u0105pieniu na adres e-mail Sprzedawcy lub w formie pisemnej na adres siedziby firmy.<\/li><li>Zwrot towaru powinien nast\u0105pi\u0107 w ci\u0105gu 14 dni od daty z\u0142o\u017cenia o\u015bwiadczenia o odst\u0105pieniu. Koszty zwrotu ponosi Konsument.<\/li><li>Zwrot p\u0142atno\u015bci nast\u0105pi w ci\u0105gu 14 dni od otrzymania zwr\u00f3conego towaru.<\/li><\/ol><hr \/><p><strong>\u00a7 7 Reklamacje<\/strong><\/p><ol><li>Sprzedawca odpowiada za wady fizyczne i prawne towaru zgodnie z przepisami Kodeksu cywilnego.<\/li><li>Reklamacje mo\u017cna zg\u0142asza\u0107:<br \/>a) Pisemnie na adres siedziby firmy,<br \/>b) Mailowo na adres: biuro@eco-moto.pl<\/li><li>Reklamacja powinna zawiera\u0107:<br \/>a) Dane kontaktowe Klienta,<br \/>b) Numer zam\u00f3wienia,<br \/>c) Opis problemu,<br \/>d) Zdj\u0119cia (je\u015bli to mo\u017cliwe).<\/li><li>Sprzedawca rozpatrzy reklamacj\u0119 w terminie 14 dni od jej zg\u0142oszenia.<\/li><\/ol><hr \/><p><strong>\u00a7 8 Ochrona Danych Osobowych<\/strong><\/p><ol><li>Administratorem danych osobowych Klienta jest \u00a0PM Group sp. z o.o.\u00a0<\/li><li>Dane osobowe s\u0105 przetwarzane w celu realizacji zam\u00f3wienia, na podstawie przepis\u00f3w prawa oraz zgodnie z Polityk\u0105 Prywatno\u015bci Sklepu.<\/li><li>Klient ma prawo dost\u0119pu do swoich danych, ich poprawiania oraz \u017c\u0105dania usuni\u0119cia.<\/li><\/ol><hr \/><p><strong>\u00a7 9 Postanowienia Ko\u0144cowe<\/strong><\/p><ol><li>Regulamin wchodzi w \u017cycie z dniem 22.01.2025.<\/li><li>Sprzedawca zastrzega sobie prawo do zmiany Regulaminu. Wszelkie zmiany b\u0119d\u0105 publikowane na stronie Sklepu i obowi\u0105zywa\u0107 od momentu ich opublikowania.<\/li><li>W sprawach nieuregulowanych niniejszym Regulaminem maj\u0105 zastosowanie przepisy prawa polskiego, w szczeg\u00f3lno\u015bci Kodeksu cywilnego oraz ustawy o prawach konsumenta.<\/li><\/ol>\t\t\t\t\t\t<\/div>\n\t\t\t\t<\/div>\n\t\t\t\t\t<\/div>\n\t\t\t\t<\/div>\n\t\t<div class=\"elementor-element elementor-element-417508b e-flex e-con-boxed e-con e-parent\" data-id=\"417508b\" data-element_type=\"container\" data-settings=\"{&quot;background_background&quot;:&quot;classic&quot;}\" data-core-v316-plus=\"true\">\n\t\t\t\t\t<div class=\"e-con-inner\">\n\t\t\t\t<div class=\"elementor-element elementor-element-52021b3 elementor-widget elementor-widget-wpforms\" data-id=\"52021b3\" data-element_type=\"widget\" data-widget_type=\"wpforms.default\">\n\t\t\t\t<div class=\"elementor-widget-container\">\n\t\t\t<style id=\"wpforms-css-vars-root\">\n\t\t\t\t:root {\n\t\t\t\t\t--wpforms-field-border-radius: 3px;\n--wpforms-field-border-style: solid;\n--wpforms-field-border-size: 1px;\n--wpforms-field-background-color: #ffffff;\n--wpforms-field-border-color: rgba( 0, 0, 0, 0.25 );\n--wpforms-field-border-color-spare: rgba( 0, 0, 0, 0.25 );\n--wpforms-field-text-color: rgba( 0, 0, 0, 0.7 );\n--wpforms-field-menu-color: #ffffff;\n--wpforms-label-color: rgba( 0, 0, 0, 0.85 );\n--wpforms-label-sublabel-color: rgba( 0, 0, 0, 0.55 );\n--wpforms-label-error-color: #d63637;\n--wpforms-button-border-radius: 3px;\n--wpforms-button-border-style: none;\n--wpforms-button-border-size: 1px;\n--wpforms-button-background-color: #066aab;\n--wpforms-button-border-color: #066aab;\n--wpforms-button-text-color: #ffffff;\n--wpforms-page-break-color: #066aab;\n--wpforms-background-image: none;\n--wpforms-background-position: center center;\n--wpforms-background-repeat: no-repeat;\n--wpforms-background-size: cover;\n--wpforms-background-width: 100px;\n--wpforms-background-height: 100px;\n--wpforms-background-color: rgba( 0, 0, 0, 0 );\n--wpforms-background-url: none;\n--wpforms-container-padding: 0px;\n--wpforms-container-border-style: none;\n--wpforms-container-border-width: 1px;\n--wpforms-container-border-color: #000000;\n--wpforms-container-border-radius: 3px;\n--wpforms-field-size-input-height: 43px;\n--wpforms-field-size-input-spacing: 15px;\n--wpforms-field-size-font-size: 16px;\n--wpforms-field-size-line-height: 19px;\n--wpforms-field-size-padding-h: 14px;\n--wpforms-field-size-checkbox-size: 16px;\n--wpforms-field-size-sublabel-spacing: 5px;\n--wpforms-field-size-icon-size: 1;\n--wpforms-label-size-font-size: 16px;\n--wpforms-label-size-line-height: 19px;\n--wpforms-label-size-sublabel-font-size: 14px;\n--wpforms-label-size-sublabel-line-height: 17px;\n--wpforms-button-size-font-size: 17px;\n--wpforms-button-size-height: 41px;\n--wpforms-button-size-padding-h: 15px;\n--wpforms-button-size-margin-top: 10px;\n--wpforms-container-shadow-size-box-shadow: none;\n\n\t\t\t\t}\n\t\t\t<\/style><style id=\"wpforms-css-vars-elementor-widget-52021b3\">\n\t\t\t\t.elementor-widget-wpforms.elementor-element-52021b3 {\n\t\t\t\t\t--wpforms-field-background-color: #000000;\n--wpforms-field-border-color: #8CD75E;\n--wpforms-field-border-color-spare: #8CD75E;\n--wpforms-field-text-color: #FFFFFF;\n--wpforms-label-color: #8CD75E;\n--wpforms-label-error-color: #FFFFFF;\n--wpforms-button-background-color: #8CD75E;\n--wpforms-field-size-input-height: 50px;\n--wpforms-field-size-input-spacing: 20px;\n--wpforms-field-size-font-size: 18px;\n--wpforms-field-size-line-height: 21px;\n--wpforms-field-size-padding-h: 14px;\n--wpforms-field-size-checkbox-size: 18px;\n--wpforms-field-size-sublabel-spacing: 10px;\n--wpforms-field-size-icon-size: 1.25;\n--wpforms-label-size-font-size: 16px;\n--wpforms-label-size-line-height: 19px;\n--wpforms-label-size-sublabel-font-size: 14px;\n--wpforms-label-size-sublabel-line-height: 17px;\n--wpforms-button-size-font-size: 17px;\n--wpforms-button-size-height: 41px;\n--wpforms-button-size-padding-h: 15px;\n--wpforms-button-size-margin-top: 10px;\n\n\t\t\t\t}\n\t\t\t<\/style><div class=\"wpforms-container wpforms-container-full wpforms-render-modern\" id=\"wpforms-1603\"><form id=\"wpforms-form-1603\" class=\"wpforms-validate wpforms-form wpforms-ajax-form\" data-formid=\"1603\" method=\"post\" enctype=\"multipart\/form-data\" action=\"\/index.php\/wp-json\/wp\/v2\/pages\/1720\" data-token=\"07917e9f803e092d908419823ed6b3a4\" data-token-time=\"1778062544\"><div class=\"wpforms-head-container\"><div class=\"wpforms-title\">Masz pytanie? Napisz do nas<\/div><\/div><noscript class=\"wpforms-error-noscript\">Aby wype\u0142ni\u0107 ten formularz, w\u0142\u0105cz obs\u0142ug\u0119 JavaScript w przegl\u0105darce.<\/noscript><div class=\"wpforms-hidden\" id=\"wpforms-error-noscript\">Aby wype\u0142ni\u0107 ten formularz, w\u0142\u0105cz obs\u0142ug\u0119 JavaScript w przegl\u0105darce.<\/div><div class=\"wpforms-field-container\"><div id=\"wpforms-1603-field_1-container\" class=\"wpforms-field wpforms-field-name\" data-field-id=\"1\"><label class=\"wpforms-field-label\" for=\"wpforms-1603-field_1\">Imi\u0119 <span class=\"wpforms-required-label\" aria-hidden=\"true\">*<\/span><\/label><input type=\"text\" id=\"wpforms-1603-field_1\" class=\"wpforms-field-medium wpforms-field-required\" name=\"wpforms[fields][1]\" aria-errormessage=\"wpforms-1603-field_1-error\" required><\/div><div id=\"wpforms-1603-field_2-container\" class=\"wpforms-field wpforms-field-email\" data-field-id=\"2\"><label class=\"wpforms-field-label\" for=\"wpforms-1603-field_2\">Adres e-mail <span class=\"wpforms-required-label\" aria-hidden=\"true\">*<\/span><\/label><input type=\"email\" id=\"wpforms-1603-field_2\" class=\"wpforms-field-medium wpforms-field-required\" name=\"wpforms[fields][2]\" spellcheck=\"false\" aria-errormessage=\"wpforms-1603-field_2-error\" required><\/div><div id=\"wpforms-1603-field_3-container\" class=\"wpforms-field wpforms-field-textarea\" data-field-id=\"3\"><label class=\"wpforms-field-label\" for=\"wpforms-1603-field_3\">Wiadomo\u015b\u0107<\/label><textarea id=\"wpforms-1603-field_3\" class=\"wpforms-field-medium\" name=\"wpforms[fields][3]\" aria-errormessage=\"wpforms-1603-field_3-error\" ><\/textarea><\/div><\/div><!-- .wpforms-field-container --><div class=\"wpforms-submit-container\" ><input type=\"hidden\" name=\"wpforms[id]\" value=\"1603\"><input type=\"hidden\" name=\"page_title\" value=\"\"><input type=\"hidden\" name=\"page_url\" value=\"https:\/\/eco-moto.pl\/index.php\/wp-json\/wp\/v2\/pages\/1720\"><button type=\"submit\" name=\"wpforms[submit]\" id=\"wpforms-submit-1603\" class=\"wpforms-submit\" data-alt-text=\"Wysy\u0142anie...\" data-submit-text=\"Prze\u015blij\" aria-live=\"assertive\" value=\"wpforms-submit\">Prze\u015blij<\/button><img decoding=\"async\" src=\"https:\/\/eco-moto.pl\/wp-content\/plugins\/wpforms-lite\/assets\/images\/submit-spin.svg\" class=\"wpforms-submit-spinner\" style=\"display: none;\" width=\"26\" height=\"26\" alt=\"Wczytywanie\"><\/div><\/form><\/div>  <!-- .wpforms-container -->\t\t<\/div>\n\t\t\t\t<\/div>\n\t\t\t\t\t<\/div>\n\t\t\t\t<\/div>\n\t\t\t\t<\/div>\n\t\t","protected":false},"excerpt":{"rendered":"<p>Regulamin Regulamin Sklepu Internetowego \u2013 eco-moto.pl \u00a7 1 Postanowienia Og\u00f3lne Regulamin okre\u015bla zasady korzystania ze sklepu internetowego Eco-moto, dost\u0119pnego pod adresem: www.eco-moto.pl Sklep internetowy jest prowadzony przez PM Group sp. z o.o. , z siedzib\u0105 w Olsztynie, ul. Lubelska 36 10-408. , NIP: 7393976663. Kontakt ze sklepem mo\u017cliwy jest pod adresem e-mail: biuro@eco-moto.pl, numerem telefonu:&#8230;<\/p>\n","protected":false},"author":1,"featured_media":0,"parent":0,"menu_order":0,"comment_status":"closed","ping_status":"closed","template":"","meta":{"_kadence_starter_templates_imported_post":true,"_kad_post_transparent":"","_kad_post_title":"hide","_kad_post_layout":"fullwidth","_kad_post_sidebar_id":"","_kad_post_content_style":"unboxed","_kad_post_vertical_padding":"hide","_kad_post_feature":"hide","_kad_post_feature_position":"","_kad_post_header":false,"_kad_post_footer":false,"footnotes":""},"class_list":["post-1720","page","type-page","status-publish","hentry"],"yoast_head":"<!-- This site is optimized with the Yoast SEO plugin v24.3 - https:\/\/yoast.com\/wordpress\/plugins\/seo\/ -->\n<meta name=\"description\" content=\"Jedno\u015blady elektryczne\" \/>\n<meta name=\"robots\" content=\"index, follow, max-snippet:-1, max-image-preview:large, max-video-preview:-1\" \/>\n<link rel=\"canonical\" href=\"https:\/\/eco-moto.pl\/index.php\/regulamin\/\" \/>\n<meta property=\"og:locale\" content=\"pl_PL\" \/>\n<meta property=\"og:type\" content=\"article\" \/>\n<meta property=\"og:description\" content=\"Jedno\u015blady elektryczne\" \/>\n<meta property=\"og:url\" content=\"https:\/\/eco-moto.pl\/index.php\/regulamin\/\" \/>\n<meta property=\"article:modified_time\" content=\"2025-01-23T10:10:02+00:00\" \/>\n<meta property=\"og:image\" content=\"https:\/\/eco-moto.pl\/wp-content\/plugins\/wpforms-lite\/assets\/images\/submit-spin.svg\" \/>\n<meta name=\"twitter:card\" content=\"summary_large_image\" \/>\n<meta name=\"twitter:label1\" content=\"Szacowany czas czytania\" \/>\n\t<meta name=\"twitter:data1\" content=\"3 minuty\" \/>\n<script type=\"application\/ld+json\" class=\"yoast-schema-graph\">{\"@context\":\"https:\/\/schema.org\",\"@graph\":[{\"@type\":\"WebPage\",\"@id\":\"https:\/\/eco-moto.pl\/index.php\/regulamin\/\",\"url\":\"https:\/\/eco-moto.pl\/index.php\/regulamin\/\",\"name\":\"\",\"isPartOf\":{\"@id\":\"https:\/\/eco-moto.pl\/#website\"},\"primaryImageOfPage\":{\"@id\":\"https:\/\/eco-moto.pl\/index.php\/regulamin\/#primaryimage\"},\"image\":{\"@id\":\"https:\/\/eco-moto.pl\/index.php\/regulamin\/#primaryimage\"},\"thumbnailUrl\":\"https:\/\/eco-moto.pl\/wp-content\/plugins\/wpforms-lite\/assets\/images\/submit-spin.svg\",\"datePublished\":\"2025-01-23T10:02:59+00:00\",\"dateModified\":\"2025-01-23T10:10:02+00:00\",\"description\":\"Jedno\u015blady elektryczne\",\"breadcrumb\":{\"@id\":\"https:\/\/eco-moto.pl\/index.php\/regulamin\/#breadcrumb\"},\"inLanguage\":\"pl-PL\",\"potentialAction\":[{\"@type\":\"ReadAction\",\"target\":[\"https:\/\/eco-moto.pl\/index.php\/regulamin\/\"]}]},{\"@type\":\"ImageObject\",\"inLanguage\":\"pl-PL\",\"@id\":\"https:\/\/eco-moto.pl\/index.php\/regulamin\/#primaryimage\",\"url\":\"https:\/\/eco-moto.pl\/wp-content\/plugins\/wpforms-lite\/assets\/images\/submit-spin.svg\",\"contentUrl\":\"https:\/\/eco-moto.pl\/wp-content\/plugins\/wpforms-lite\/assets\/images\/submit-spin.svg\"},{\"@type\":\"BreadcrumbList\",\"@id\":\"https:\/\/eco-moto.pl\/index.php\/regulamin\/#breadcrumb\",\"itemListElement\":[{\"@type\":\"ListItem\",\"position\":1,\"name\":\"Strona g\u0142\u00f3wna\",\"item\":\"https:\/\/eco-moto.pl\/\"},{\"@type\":\"ListItem\",\"position\":2,\"name\":\"Regulamin\"}]},{\"@type\":\"WebSite\",\"@id\":\"https:\/\/eco-moto.pl\/#website\",\"url\":\"https:\/\/eco-moto.pl\/\",\"name\":\"Eco Moto Jedno\u015blady elektryczne\",\"description\":\"Eco Moto Jedno\u015blady elektryczne\",\"publisher\":{\"@id\":\"https:\/\/eco-moto.pl\/#organization\"},\"potentialAction\":[{\"@type\":\"SearchAction\",\"target\":{\"@type\":\"EntryPoint\",\"urlTemplate\":\"https:\/\/eco-moto.pl\/?s={search_term_string}\"},\"query-input\":{\"@type\":\"PropertyValueSpecification\",\"valueRequired\":true,\"valueName\":\"search_term_string\"}}],\"inLanguage\":\"pl-PL\"},{\"@type\":\"Organization\",\"@id\":\"https:\/\/eco-moto.pl\/#organization\",\"name\":\"eco-moto.pl\",\"url\":\"https:\/\/eco-moto.pl\/\",\"logo\":{\"@type\":\"ImageObject\",\"inLanguage\":\"pl-PL\",\"@id\":\"https:\/\/eco-moto.pl\/#\/schema\/logo\/image\/\",\"url\":\"https:\/\/eco-moto.pl\/wp-content\/uploads\/2024\/03\/cropped-ecomoto2.png\",\"contentUrl\":\"https:\/\/eco-moto.pl\/wp-content\/uploads\/2024\/03\/cropped-ecomoto2.png\",\"width\":1920,\"height\":769,\"caption\":\"eco-moto.pl\"},\"image\":{\"@id\":\"https:\/\/eco-moto.pl\/#\/schema\/logo\/image\/\"}}]}<\/script>\n<!-- \/ Yoast SEO plugin. -->","yoast_head_json":{"description":"Jedno\u015blady elektryczne","robots":{"index":"index","follow":"follow","max-snippet":"max-snippet:-1","max-image-preview":"max-image-preview:large","max-video-preview":"max-video-preview:-1"},"canonical":"https:\/\/eco-moto.pl\/index.php\/regulamin\/","og_locale":"pl_PL","og_type":"article","og_description":"Jedno\u015blady elektryczne","og_url":"https:\/\/eco-moto.pl\/index.php\/regulamin\/","article_modified_time":"2025-01-23T10:10:02+00:00","og_image":[{"url":"https:\/\/eco-moto.pl\/wp-content\/plugins\/wpforms-lite\/assets\/images\/submit-spin.svg","type":"","width":"","height":""}],"twitter_card":"summary_large_image","twitter_misc":{"Szacowany czas czytania":"3 minuty"},"schema":{"@context":"https:\/\/schema.org","@graph":[{"@type":"WebPage","@id":"https:\/\/eco-moto.pl\/index.php\/regulamin\/","url":"https:\/\/eco-moto.pl\/index.php\/regulamin\/","name":"","isPartOf":{"@id":"https:\/\/eco-moto.pl\/#website"},"primaryImageOfPage":{"@id":"https:\/\/eco-moto.pl\/index.php\/regulamin\/#primaryimage"},"image":{"@id":"https:\/\/eco-moto.pl\/index.php\/regulamin\/#primaryimage"},"thumbnailUrl":"https:\/\/eco-moto.pl\/wp-content\/plugins\/wpforms-lite\/assets\/images\/submit-spin.svg","datePublished":"2025-01-23T10:02:59+00:00","dateModified":"2025-01-23T10:10:02+00:00","description":"Jedno\u015blady elektryczne","breadcrumb":{"@id":"https:\/\/eco-moto.pl\/index.php\/regulamin\/#breadcrumb"},"inLanguage":"pl-PL","potentialAction":[{"@type":"ReadAction","target":["https:\/\/eco-moto.pl\/index.php\/regulamin\/"]}]},{"@type":"ImageObject","inLanguage":"pl-PL","@id":"https:\/\/eco-moto.pl\/index.php\/regulamin\/#primaryimage","url":"https:\/\/eco-moto.pl\/wp-content\/plugins\/wpforms-lite\/assets\/images\/submit-spin.svg","contentUrl":"https:\/\/eco-moto.pl\/wp-content\/plugins\/wpforms-lite\/assets\/images\/submit-spin.svg"},{"@type":"BreadcrumbList","@id":"https:\/\/eco-moto.pl\/index.php\/regulamin\/#breadcrumb","itemListElement":[{"@type":"ListItem","position":1,"name":"Strona g\u0142\u00f3wna","item":"https:\/\/eco-moto.pl\/"},{"@type":"ListItem","position":2,"name":"Regulamin"}]},{"@type":"WebSite","@id":"https:\/\/eco-moto.pl\/#website","url":"https:\/\/eco-moto.pl\/","name":"Eco Moto Jedno\u015blady elektryczne","description":"Eco Moto Jedno\u015blady elektryczne","publisher":{"@id":"https:\/\/eco-moto.pl\/#organization"},"potentialAction":[{"@type":"SearchAction","target":{"@type":"EntryPoint","urlTemplate":"https:\/\/eco-moto.pl\/?s={search_term_string}"},"query-input":{"@type":"PropertyValueSpecification","valueRequired":true,"valueName":"search_term_string"}}],"inLanguage":"pl-PL"},{"@type":"Organization","@id":"https:\/\/eco-moto.pl\/#organization","name":"eco-moto.pl","url":"https:\/\/eco-moto.pl\/","logo":{"@type":"ImageObject","inLanguage":"pl-PL","@id":"https:\/\/eco-moto.pl\/#\/schema\/logo\/image\/","url":"https:\/\/eco-moto.pl\/wp-content\/uploads\/2024\/03\/cropped-ecomoto2.png","contentUrl":"https:\/\/eco-moto.pl\/wp-content\/uploads\/2024\/03\/cropped-ecomoto2.png","width":1920,"height":769,"caption":"eco-moto.pl"},"image":{"@id":"https:\/\/eco-moto.pl\/#\/schema\/logo\/image\/"}}]}},"_links":{"self":[{"href":"https:\/\/eco-moto.pl\/index.php\/wp-json\/wp\/v2\/pages\/1720","targetHints":{"allow":["GET"]}}],"collection":[{"href":"https:\/\/eco-moto.pl\/index.php\/wp-json\/wp\/v2\/pages"}],"about":[{"href":"https:\/\/eco-moto.pl\/index.php\/wp-json\/wp\/v2\/types\/page"}],"author":[{"embeddable":true,"href":"https:\/\/eco-moto.pl\/index.php\/wp-json\/wp\/v2\/users\/1"}],"replies":[{"embeddable":true,"href":"https:\/\/eco-moto.pl\/index.php\/wp-json\/wp\/v2\/comments?post=1720"}],"version-history":[{"count":11,"href":"https:\/\/eco-moto.pl\/index.php\/wp-json\/wp\/v2\/pages\/1720\/revisions"}],"predecessor-version":[{"id":1734,"href":"https:\/\/eco-moto.pl\/index.php\/wp-json\/wp\/v2\/pages\/1720\/revisions\/1734"}],"wp:attachment":[{"href":"https:\/\/eco-moto.pl\/index.php\/wp-json\/wp\/v2\/media?parent=1720"}],"curies":[{"name":"wp","href":"https:\/\/api.w.org\/{rel}","templated":true}]}}